{"id":90,"date":"2023-06-02T14:56:56","date_gmt":"2023-06-02T12:56:56","guid":{"rendered":"https:\/\/fump.gdierkes.de\/?page_id=90"},"modified":"2023-06-02T17:14:17","modified_gmt":"2023-06-02T15:14:17","slug":"datenschutz","status":"publish","type":"page","link":"https:\/\/fump.gdierkes.de\/index.php\/datenschutz\/","title":{"rendered":"Datenschutz"},"content":{"rendered":"\n<p>V.i.S.d.P:<\/p>\n\n\n\n<ul class=\"wp-block-list\">\n<li>Georg Dierkes<\/li>\n\n\n\n<li>Boltenhang 47<\/li>\n\n\n\n<li>48231 Warendorf<\/li>\n\n\n\n<li>schorsch_at_gdierkes.de<\/li>\n<\/ul>\n\n\n\n<p><\/p>\n\n\n\n<p><strong>Datenschutzerkl\u00e4rung<\/strong><\/p>\n\n\n\n<p><br><strong>Grundlegendes<\/strong><br>Diese Datenschutzerkl\u00e4rung soll die Nutzer dieser Website \u00fcber die Art, den Umfang und<br>den Zweck der Erhebung und Verwendung personenbezogener Daten durch den<br>Websitebetreiber &#8222;Georg Dierkes&#8220; informieren.<br>Der Websitebetreiber nimmt Ihren Datenschutz sehr ernst und behandelt Ihre<br>personenbezogenen Daten vertraulich und entsprechend der gesetzlichen Vorschriften. Da<br>durch neue Technologien und die st\u00e4ndige Weiterentwicklung dieser Webseite \u00c4nderungen<br>an dieser Datenschutzerkl\u00e4rung vorgenommen werden k\u00f6nnen, empfehlen wir Ihnen sich die<br>Datenschutzerkl\u00e4rung in regelm\u00e4\u00dfigen Abst\u00e4nden wieder durchzulesen.<br>Definitionen der verwendeten Begriffe (z.B. \u201cpersonenbezogene Daten\u201d oder \u201cVerarbeitung\u201d)<br>finden Sie in Art. 4 DSGVO.<br>Zugriffsdaten<br>Wir, der Websitebetreiber bzw. Seitenprovider, erheben aufgrund unseres berechtigten<br>Interesses (s. Art. 6 Abs. 1 lit. f. DSGVO) Daten \u00fcber Zugriffe auf die Website und speichern<br>diese als \u201eServer-Logfiles\u201c auf dem Server der Website ab. Folgende Daten werden so<br>protokolliert:<\/p>\n\n\n\n<p>&#8211; Besuchte Website<br>&#8211;  Uhrzeit zum Zeitpunkt des Zugriffes<br>&#8211;  Menge der gesendeten Daten in Byte<br>&#8211;  Quelle\/Verweis, von welchem Sie auf die Seite gelangten<br>&#8211;  Verwendeter Browser<br>&#8211;  Verwendetes Betriebssystem<br>&#8211;  Verwendete IP-Adresse<\/p>\n\n\n\n<p>Die Server-Logfiles werden f\u00fcr maximal 14 Tage gespeichert und anschlie\u00dfend gel\u00f6scht. Die<br>Speicherung der Daten erfolgt aus Sicherheitsgr\u00fcnden, um z. B. Missbrauchsf\u00e4lle aufkl\u00e4ren<br>zu k\u00f6nnen. M\u00fcssen Daten aus Beweisgr\u00fcnden aufgehoben werden, sind sie solange von der<br>L\u00f6schung ausgenommen bis der Vorfall endg\u00fcltig gekl\u00e4rt ist.<\/p>\n\n\n\n<p><br><strong>Reichweitenmessung &amp; Cookies<\/strong><br>Diese Website verwendet Cookies zur pseudonymisierten Reichweitenmessung, die<br>entweder von unserem Server oder dem Server Dritter an den Browser des Nutzers<a href=\"http:\/\/www.datenschutz.org\/datenschutzerklaerung\/\"><\/a><br>\u00fcbertragen werden. Bei Cookies handelt es sich um kleine Dateien, welche auf Ihrem<br>Endger\u00e4t gespeichert werden. Ihr Browser greift auf diese Dateien zu. Durch den Einsatz<br>von Cookies erh\u00f6ht sich die Benutzerfreundlichkeit und Sicherheit dieser Website.<br>Falls Sie nicht m\u00f6chten, dass Cookies zur Reichweitenmessung auf Ihrem Endger\u00e4t<br>gespeichert werden, k\u00f6nnen Sie dem Einsatz dieser Dateien hier widersprechen:<\/p>\n\n\n\n<p>Cookie-Deaktivierungsseite der Netzwerkwerbeinitiative:<\/p>\n\n\n\n<p>http:\/\/optout.networkadvertising.org\/?c=1#!\/<\/p>\n\n\n\n<hr class=\"wp-block-separator has-alpha-channel-opacity\"\/>\n\n\n\n<p>Cookie-Deaktivierungsseite der US-amerikanischen Website:<\/p>\n\n\n\n<p>http:\/\/optout.aboutads.info\/?c=2#!\/<\/p>\n\n\n\n<hr class=\"wp-block-separator has-alpha-channel-opacity\"\/>\n\n\n\n<p>Cookie-Deaktivierungsseite der europ\u00e4ischen Website:<\/p>\n\n\n\n<p>http:\/\/optout.networkadvertising.org\/?c=1#!\/<\/p>\n\n\n\n<hr class=\"wp-block-separator has-alpha-channel-opacity\"\/>\n\n\n\n<p>G\u00e4ngige Browser bieten die Einstellungsoption, Cookies nicht zuzulassen. Hinweis: Es ist<br>nicht gew\u00e4hrleistet, dass Sie auf alle Funktionen dieser Website ohne Einschr\u00e4nkungen<br>zugreifen k\u00f6nnen, wenn Sie entsprechende Einstellungen vornehmen.<\/p>\n\n\n\n<p><strong>Erfassung und Verarbeitung personenbezogener Daten<\/strong><br>Der Websitebetreiber erhebt, nutzt und gibt Ihre personenbezogenen Daten nur dann weiter,<br>wenn dies im gesetzlichen Rahmen erlaubt ist oder Sie in die Datenerhebung einwilligen.<br>Als personenbezogene Daten gelten s\u00e4mtliche Informationen, welche dazu dienen, Ihre<br>Person zu bestimmen und welche zu Ihnen zur\u00fcckverfolgt werden k\u00f6nnen \u2013 also<br>beispielsweise Ihr Name, Ihre E-Mail-Adresse und Telefonnummer.<br>Diese Website k\u00f6nnen Sie auch besuchen, ohne Angaben zu Ihrer Person zu machen. Zur<br>Verbesserung unseres Online-Angebotes speichern wir jedoch (ohne Personenbezug) Ihre<br>Zugriffsdaten auf diese Website. Zu diesen Zugriffsdaten geh\u00f6ren z. B. die von Ihnen<br>angeforderte Datei oder der Name Ihres Internet-Providers. Durch die Anonymisierung der<br>Daten sind R\u00fcckschl\u00fcsse auf Ihre Person nicht m\u00f6glich.<br><br>&#8211;  Wir verarbeiten personenbezogene Daten wie Vorname, Nachname, IP-<br>Adresse, E-Mail-Adresse, Wohnort, Postleitzahl und Inhaltsangaben aus dem Kontaktformular.<br> &#8211; Wir verarbeiten personenbezogene Daten nur nach ausdr\u00fccklicher Erlaubnis<br>der betreffenden Nutzer und unter Einhaltung der geltendenn Datenschutzbestimmungen.<br>&#8211; Die Verarbeitung der personenbezogenen Daten erfolgt aufgrund unseres<br>berechtigten Interesses zur Erf\u00fcllung unserer vertraglich vereinbarten Leistungen und<br>zur Optimierung unseres Online-Angebotes.<\/p>\n\n\n\n<p><br><strong>Umgang mit Kontaktdaten<\/strong><br>Nehmen Sie mit uns als Websitebetreiber durch die angebotenen Kontaktm\u00f6glichkeiten<br>Verbindung auf, werden Ihre Angaben gespeichert, damit auf diese zur Bearbeitung und<br>Beantwortung Ihrer Anfrage zur\u00fcckgegriffen werden kann. Ohne Ihre Einwilligung werden<br>diese Daten nicht an Dritte weitergegeben.<\/p>\n\n\n\n<p><br><strong>Umgang mit Kommentaren und Beitr\u00e4gen<\/strong><br>Hinterlassen Sie auf dieser Website einen Beitrag oder Kommentar, wird Ihre IP-Adresse<br>gespeichert. Dies erfolgt aufgrund unserer berechtigten Interessen im Sinne des Art. 6 Abs.<br>1 lit. f. DSGVO und dient der Sicherheit von uns als Websitebetreiber: Denn sollte Ihr<br>Kommentar gegen geltendes Recht versto\u00dfen, k\u00f6nnen wir daf\u00fcr belangt werden, weshalb<br>wir ein Interesse an der Identit\u00e4t des Kommentar- bzw. Beitragsautors haben.<\/p>\n\n\n\n<p><br><strong>Google Analytics<\/strong><br>Diese Website nutzt aufgrund unserer berechtigten Interessen zur Optimierung und Analyse<br>unseres Online-Angebots im Sinne des Art. 6 Abs. 1 lit. f. DSGVO den Dienst \u201eGoogle<br>Analytics\u201c, welcher von der Google Inc. (1600 Amphitheatre Parkway Mountain View, CA<br>94043, USA) angeboten wird. Der Dienst (Google Analytics) verwendet \u201eCookies\u201c \u2013<br>Textdateien, welche auf Ihrem Endger\u00e4t gespeichert werden. Die durch die Cookies<br>gesammelten Informationen werden im Regelfall an einen Google-Server in den USA<br>gesandt und dort gespeichert.<br>Google LLC h\u00e4lt das europ\u00e4ische Datenschutzrecht ein und ist unter dem Privacy-Shield-<br>Abkommen zertifiziert:<\/p>\n\n\n\n<p><br>https:\/\/www.privacyshield.gov\/participant?id=a2zt000000001L5AAI&amp;status=Active<\/p>\n\n\n\n<p><br>Auf dieser Website greift die IP-Anonymisierung. Die IP-Adresse der Nutzer wird innerhalb<br>der Mitgliedsstaaten der EU und des Europ\u00e4ischen Wirtschaftsraum und in den anderen<br>Vertragsstaaten des Abkommens gek\u00fcrzt. Nur in Einzelf\u00e4llen wird die IP-Adresse zun\u00e4chst<br>ungek\u00fcrzt in die USA an einen Server von Google \u00fcbertragen und dort gek\u00fcrzt. Durch diese<br>K\u00fcrzung entf\u00e4llt der Personenbezug Ihrer IP-Adresse. Die vom Browser \u00fcbermittelte IP-<br>Adresse des Nutzers wird nicht mit anderen von Google gespeicherten Daten kombiniert.<br>Im Rahmen der Vereinbarung zur Auftragsdatenvereinbarung, welche wir als<br>Websitebetreiber mit der Google Inc. geschlossen haben, erstellt diese mithilfe der<br>gesammelten Informationen eine Auswertung der Websitenutzung und der Websiteaktivit\u00e4t<br>und erbringt mit der Internetnutzung verbundene Dienstleistungen.<br>Die von Google in unserem Auftrag erhobenen Daten werden genutzt, um die Nutzung<br>unseres Online-Angebots durch die einzelnen Nutzer auswerten zu k\u00f6nnen, z. B. um<br>Reports \u00fcber die Aktivit\u00e4t auf der Website zu erstellen, um unser Online-Angebot zu<br>verbessern.<br>Sie haben die M\u00f6glichkeit, die Speicherung der Cookies auf Ihrem Ger\u00e4t zu verhindern,<br>indem Sie in Ihrem Browser entsprechende Einstellungen vornehmen. Es ist nicht<br>gew\u00e4hrleistet, dass Sie auf alle Funktionen dieser Website ohne Einschr\u00e4nkungen zugreifen<br>k\u00f6nnen, wenn Ihr Browser keine Cookies zul\u00e4sst.<br>Weiterhin k\u00f6nnen Sie durch ein Browser-Plugin verhindern, dass die durch Cookies<br>gesammelten Informationen (inklusive Ihrer IP-Adresse) an die Google Inc. gesendet und<br>von der Google Inc. genutzt werden. Folgender Link f\u00fchrt Sie zu dem entsprechenden<br>Plugin:<\/p>\n\n\n\n<p> https:\/\/tools.google.com\/dlpage\/gaoptout?hl=de<\/p>\n\n\n\n<p><br>Alternativ verhindern Sie mit einem Klick auf diesen Link (WICHTIG: Opt-Out-Link einf\u00fcgen),<br>dass Google Analytics innerhalb dieser Website Daten \u00fcber Sie erfasst. Mit dem Klick auf<br>obigen Link laden Sie ein \u201eOpt-Out-Cookie\u201c herunter. Ihr Browser muss die Speicherung von<br>Cookies also hierzu grunds\u00e4tzlich erlauben. L\u00f6schen Sie Ihre Cookies regelm\u00e4\u00dfig, ist ein<br>erneuter Klick auf den Link bei jedem Besuch dieser Website vonn\u00f6ten.<a href=\"https:\/\/www.privacyshield.gov\/participant?id=a2zt000000001L5AAI&amp;status=Active\"><\/a><a href=\"https:\/\/tools.google.com\/dlpage\/gaoptout?hl=de\"><\/a><a href=\"http:\/\/www.datenschutz.org\/datenschutzerklaerung\/\"><\/a><\/p>\n\n\n\n<p><\/p>\n\n\n\n<p>Quelle: https:\/\/www.datenschutz.org\/datenschutzerklaerung-muster.pdf<\/p>\n","protected":false},"excerpt":{"rendered":"<p>V.i.S.d.P: Datenschutzerkl\u00e4rung GrundlegendesDiese Datenschutzerkl\u00e4rung soll die Nutzer dieser Website \u00fcber die Art, den Umfang undden Zweck der Erhebung und Verwendung<\/p>\n<p><a href=\"https:\/\/fump.gdierkes.de\/index.php\/datenschutz\/\" class=\"more-link\">Continue reading<span class=\"screen-reader-text\">Datenschutz<\/span><\/a><\/p>\n","protected":false},"author":1,"featured_media":0,"parent":0,"menu_order":0,"comment_status":"closed","ping_status":"closed","template":"","meta":{"footnotes":""},"class_list":["post-90","page","type-page","status-publish","hentry"],"_links":{"self":[{"href":"https:\/\/fump.gdierkes.de\/index.php\/wp-json\/wp\/v2\/pages\/90","targetHints":{"allow":["GET"]}}],"collection":[{"href":"https:\/\/fump.gdierkes.de\/index.php\/wp-json\/wp\/v2\/pages"}],"about":[{"href":"https:\/\/fump.gdierkes.de\/index.php\/wp-json\/wp\/v2\/types\/page"}],"author":[{"embeddable":true,"href":"https:\/\/fump.gdierkes.de\/index.php\/wp-json\/wp\/v2\/users\/1"}],"replies":[{"embeddable":true,"href":"https:\/\/fump.gdierkes.de\/index.php\/wp-json\/wp\/v2\/comments?post=90"}],"version-history":[{"count":10,"href":"https:\/\/fump.gdierkes.de\/index.php\/wp-json\/wp\/v2\/pages\/90\/revisions"}],"predecessor-version":[{"id":106,"href":"https:\/\/fump.gdierkes.de\/index.php\/wp-json\/wp\/v2\/pages\/90\/revisions\/106"}],"wp:attachment":[{"href":"https:\/\/fump.gdierkes.de\/index.php\/wp-json\/wp\/v2\/media?parent=90"}],"curies":[{"name":"wp","href":"https:\/\/api.w.org\/{rel}","templated":true}]}}